{"id":138,"date":"2008-04-01T07:30:46","date_gmt":"2008-04-01T05:30:46","guid":{"rendered":"http:\/\/www.mein-einstein.de\/wordpress\/gastebuch\/"},"modified":"2010-07-31T22:26:16","modified_gmt":"2010-07-31T20:26:16","slug":"gastebuch","status":"publish","type":"page","link":"http:\/\/www.mein-einstein.de\/wordpress\/gastebuch\/","title":{"rendered":"G\u00e4stebuch"},"content":{"rendered":"<p>Jede Seite braucht\u00a0ein G\u00e4stebuch. Das hier ist meins. Ich w\u00fcrde mich freuen wenn Ihr hier einen kleinen Beitrag hinterlasst, auch wenn Ihr zu den einzelnen Blogeintr\u00e4gen nichts zu sagen habt!<\/p>\n","protected":false},"excerpt":{"rendered":"<p>Jede Seite braucht\u00a0ein G\u00e4stebuch. Das hier ist meins. Ich w\u00fcrde mich freuen wenn Ihr hier einen kleinen Beitrag hinterlasst, auch wenn Ihr zu den einzelnen Blogeintr\u00e4gen nichts zu sagen habt!<\/p>\n","protected":false},"author":4,"featured_media":0,"parent":0,"menu_order":99,"comment_status":"closed","ping_status":"open","template":"","meta":{"footnotes":""},"class_list":["post-138","page","type-page","status-publish","hentry"],"_links":{"self":[{"href":"http:\/\/www.mein-einstein.de\/wordpress\/wp-json\/wp\/v2\/pages\/138","targetHints":{"allow":["GET"]}}],"collection":[{"href":"http:\/\/www.mein-einstein.de\/wordpress\/wp-json\/wp\/v2\/pages"}],"about":[{"href":"http:\/\/www.mein-einstein.de\/wordpress\/wp-json\/wp\/v2\/types\/page"}],"author":[{"embeddable":true,"href":"http:\/\/www.mein-einstein.de\/wordpress\/wp-json\/wp\/v2\/users\/4"}],"replies":[{"embeddable":true,"href":"http:\/\/www.mein-einstein.de\/wordpress\/wp-json\/wp\/v2\/comments?post=138"}],"version-history":[{"count":0,"href":"http:\/\/www.mein-einstein.de\/wordpress\/wp-json\/wp\/v2\/pages\/138\/revisions"}],"wp:attachment":[{"href":"http:\/\/www.mein-einstein.de\/wordpress\/wp-json\/wp\/v2\/media?parent=138"}],"curies":[{"name":"wp","href":"https:\/\/api.w.org\/{rel}","templated":true}]}}